{"id":24,"date":"2025-11-13T06:52:16","date_gmt":"2025-11-13T05:52:16","guid":{"rendered":"https:\/\/www.fiber6g.pl\/?page_id=24"},"modified":"2025-11-17T16:57:49","modified_gmt":"2025-11-17T15:57:49","slug":"realizacje","status":"publish","type":"page","link":"https:\/\/www.fiber6g.pl\/?page_id=24","title":{"rendered":"Realizacje"},"content":{"rendered":"<div id=\"pl-24\"  class=\"panel-layout\" ><div id=\"pg-24-0\"  class=\"panel-grid panel-no-style\" ><div id=\"pgc-24-0-0\"  class=\"panel-grid-cell\" ><div id=\"panel-24-0-0-0\" class=\"widget_text so-panel widget widget_custom_html panel-first-child panel-last-child\" data-index=\"0\" ><div class=\"textwidget custom-html-widget\"><h1 style=\"color:#ffffff; text-align:center; font-weight:600;\">REALIZACJE<\/h1>\n<strong>FIBER6G Sp. z o.o.<\/strong> to sprawdzony partner w projektowaniu, budowie i eksploatacji <strong>nowoczesnych sieci \u015bwiat\u0142owodowych FTTH<\/strong>. Nasze realizacje to efekt po\u0142\u0105czenia do\u015bwiadczenia, wiedzy technicznej i nowoczesnych technologii, kt\u00f3re pozwalaj\u0105 nam tworzy\u0107 niezawodne i wydajne rozwi\u0105zania telekomunikacyjne.\n<br><br>\nKa\u017cdy zrealizowany przez nas projekt to indywidualnie dopasowana inwestycja \u2013 od etapu koncepcji, przez projekt i budow\u0119, a\u017c po uruchomienie i administracj\u0119 sieci\u0105.\nRealizujemy zar\u00f3wno <strong>sieci napowietrzne, doziemne<\/strong>, jak i <strong>kanalizacje techniczne<\/strong>, wykorzystuj\u0105c sprz\u0119t i rozwi\u0105zania dostarczane przez naszych partner\u00f3w technologicznych, takich jak <strong>Suntar Sp. z o.o., H3C oraz Huawei<\/strong>.\n<br><br>\nDzi\u0119ki zaanga\u017cowaniu naszego zespo\u0142u i rygorystycznym standardom jako\u015bci zapewniamy, \u017ce ka\u017cda sie\u0107 wykonana przez FIBER6G dzia\u0142a <strong>stabilnie, szybko i bezawaryjnie<\/strong>.\nNasze realizacje obejmuj\u0105 projekty dla operator\u00f3w telekomunikacyjnych, samorz\u0105d\u00f3w oraz firm prywatnych \u2013 wsz\u0119dzie tam, gdzie liczy si\u0119 niezawodne po\u0142\u0105czenie i najwy\u017csza jako\u015b\u0107 transmisji danych.\n<br><br>\nZaufaj profesjonalistom i do\u0142\u0105cz do grona naszych zadowolonych Klient\u00f3w.<br>\n<strong>FIBER6G Sp. z o.o. \u2013 budujemy sieci \u015bwiat\u0142owodowe przysz\u0142o\u015bci!<\/strong><\/div><\/div><\/div><\/div><div id=\"pg-24-1\"  class=\"panel-grid panel-has-style\" ><div class=\"panel-row-style panel-row-style-for-24-1\" ><div id=\"pgc-24-1-0\"  class=\"panel-grid-cell\" ><div id=\"panel-24-1-0-0\" class=\"widget_text so-panel widget widget_custom_html panel-first-child panel-last-child\" data-index=\"1\" ><div class=\"textwidget custom-html-widget\"><img loading=\"lazy\" decoding=\"async\" src=\"https:\/\/www.fiber6g.pl\/wp-content\/uploads\/2025\/11\/h3c2.png\" alt=\"\" width=\"600\" height=\"211\" class=\"aligncenter size-full wp-image-6334\" \/><\/div><\/div><\/div><div id=\"pgc-24-1-1\"  class=\"panel-grid-cell\" ><div id=\"panel-24-1-1-0\" class=\"widget_text so-panel widget widget_custom_html panel-first-child panel-last-child\" data-index=\"2\" ><div class=\"textwidget custom-html-widget\"><img loading=\"lazy\" decoding=\"async\" src=\"https:\/\/www.fiber6g.pl\/wp-content\/uploads\/2025\/11\/huawei.png\" alt=\"\" width=\"699\" height=\"246\" class=\"aligncenter size-full wp-image-6334\" \/><\/div><\/div><\/div><div id=\"pgc-24-1-2\"  class=\"panel-grid-cell\" ><div id=\"panel-24-1-2-0\" class=\"widget_text so-panel widget widget_custom_html panel-first-child panel-last-child\" data-index=\"3\" ><div class=\"textwidget custom-html-widget\"><img loading=\"lazy\" decoding=\"async\" src=\"https:\/\/www.fiber6g.pl\/wp-content\/uploads\/2025\/11\/suntar.jpg\" alt=\"\" width=\"600\" height=\"211\" class=\"aligncenter size-full wp-image-6334\" \/><\/div><\/div><\/div><\/div><\/div><\/div>","protected":false},"excerpt":{"rendered":"<p>REALIZACJE FIBER6G Sp. z o.o. to sprawdzony partner w projektowaniu, budowie i eksploatacji nowoczesnych sieci \u015bwiat\u0142owodowych FTTH. Nasze realizacje to efekt po\u0142\u0105czenia do\u015bwiadczenia, wiedzy technicznej i nowoczesnych technologii, kt\u00f3re pozwalaj\u0105 nam tworzy\u0107 niezawodne i wydajne rozwi\u0105zania telekomunikacyjne. Ka\u017cdy zrealizowany przez nas projekt to indywidualnie dopasowana inwestycja \u2013 od etapu koncepcji, przez projekt i budow\u0119, a\u017c [&hellip;]<\/p>\n","protected":false},"author":1,"featured_media":0,"parent":0,"menu_order":0,"comment_status":"closed","ping_status":"closed","template":"","meta":{"footnotes":""},"class_list":["post-24","page","type-page","status-publish","hentry","post"],"_links":{"self":[{"href":"https:\/\/www.fiber6g.pl\/index.php?rest_route=\/wp\/v2\/pages\/24","targetHints":{"allow":["GET"]}}],"collection":[{"href":"https:\/\/www.fiber6g.pl\/index.php?rest_route=\/wp\/v2\/pages"}],"about":[{"href":"https:\/\/www.fiber6g.pl\/index.php?rest_route=\/wp\/v2\/types\/page"}],"author":[{"embeddable":true,"href":"https:\/\/www.fiber6g.pl\/index.php?rest_route=\/wp\/v2\/users\/1"}],"replies":[{"embeddable":true,"href":"https:\/\/www.fiber6g.pl\/index.php?rest_route=%2Fwp%2Fv2%2Fcomments&post=24"}],"version-history":[{"count":7,"href":"https:\/\/www.fiber6g.pl\/index.php?rest_route=\/wp\/v2\/pages\/24\/revisions"}],"predecessor-version":[{"id":98,"href":"https:\/\/www.fiber6g.pl\/index.php?rest_route=\/wp\/v2\/pages\/24\/revisions\/98"}],"wp:attachment":[{"href":"https:\/\/www.fiber6g.pl\/index.php?rest_route=%2Fwp%2Fv2%2Fmedia&parent=24"}],"curies":[{"name":"wp","href":"https:\/\/api.w.org\/{rel}","templated":true}]}}