{"id":20,"date":"2025-11-13T06:51:42","date_gmt":"2025-11-13T05:51:42","guid":{"rendered":"https:\/\/www.fiber6g.pl\/?page_id=20"},"modified":"2025-11-14T07:15:04","modified_gmt":"2025-11-14T06:15:04","slug":"o-nas","status":"publish","type":"page","link":"https:\/\/www.fiber6g.pl\/?page_id=20","title":{"rendered":"O Nas"},"content":{"rendered":"<div id=\"pl-20\"  class=\"panel-layout\" ><div id=\"pg-20-0\"  class=\"panel-grid panel-no-style\" ><div id=\"pgc-20-0-0\"  class=\"panel-grid-cell\" ><div id=\"panel-20-0-0-0\" class=\"widget_text so-panel widget widget_custom_html panel-first-child panel-last-child\" data-index=\"0\" ><div class=\"textwidget custom-html-widget\"><h1 style=\"color:#ffffff; text-align:center; font-weight:600;\">DLACZEGO MY\n<\/h1>\nFirma <strong>FIBER6G Sp. z o.o.<\/strong> to zesp\u00f3\u0142 ekspert\u00f3w, kt\u00f3rzy od lat z pasj\u0105 i zaanga\u017cowaniem tworz\u0105 nowoczesne sieci \u015bwiat\u0142owodowe. Wyr\u00f3\u017cnia nas <strong>innowacyjno\u015b\u0107, precyzja i kompleksowe podej\u015bcie<\/strong> do ka\u017cdego projektu.\nNieustannie \u015bledzimy rozw\u00f3j technologii \u015bwiat\u0142owodowych, dzi\u0119ki czemu oferujemy rozwi\u0105zania spe\u0142niaj\u0105ce najwy\u017csze standardy jako\u015bci i niezawodno\u015bci.\n<br><br>\nNasz\u0105 si\u0142\u0105 jest <strong>do\u015bwiadczona i wykwalifikowana kadra<\/strong> \u2014 projektanci, monterzy, spawacze oraz technicy pomiarowi, kt\u00f3rzy \u0142\u0105cz\u0105 wiedz\u0119 teoretyczn\u0105 z praktyk\u0105 zdobywan\u0105 w realizacji wielu inwestycji na terenie ca\u0142ej Polski.\nDzi\u0119ki temu jeste\u015bmy w stanie zrealizowa\u0107 ka\u017cdy etap budowy sieci \u2014 od projektu, przez budow\u0119 linii napowietrznych i doziemnych, kanalizacji technicznej oraz monta\u017c s\u0142up\u00f3w, a\u017c po <strong>spawanie, pomiary, serwis i eksploatacj\u0119<\/strong>.\n<br><br>\nWsp\u00f3\u0142pracujemy r\u00f3wnie\u017c w zakresie <strong>doradztwa technicznego, dostawy, uruchomienia oraz administracji sieciami FTTH<\/strong>, zapewniaj\u0105c naszym klientom pe\u0142ne wsparcie zar\u00f3wno w fazie inwestycji, jak i p\u00f3\u017aniejszej eksploatacji.\nNaszymi partnerami biznesowymi s\u0105 m.in. <strong>Suntar Sp. z o.o., H3C oraz Huawei<\/strong> \u2013 marki o ugruntowanej pozycji na rynku nowoczesnych technologii, z kt\u00f3rymi wsp\u00f3lnie realizujemy projekty na najwy\u017cszym poziomie.\n<br><br>\nStawiamy na <strong>indywidualne podej\u015bcie do ka\u017cdego Klienta<\/strong>. Wiemy, \u017ce ka\u017cda inwestycja ma swoj\u0105 specyfik\u0119, dlatego dostosowujemy rozwi\u0105zania do lokalnych warunk\u00f3w i oczekiwa\u0144 inwestora.\nNaszym celem jest stworzenie sieci, kt\u00f3ra b\u0119dzie nie tylko szybka i nowoczesna, ale r\u00f3wnie\u017c trwa\u0142a i niezawodna przez d\u0142ugie lata.\n<br><br>\nZ <strong>FIBER6G Sp. z o.o.<\/strong> zyskujesz partnera, kt\u00f3ry zapewni pe\u0142ne wsparcie na ka\u017cdym etapie realizacji projektu.\nZaufaj profesjonalistom \u2013 zbudujemy dla Ciebie <strong>sie\u0107 \u015bwiat\u0142owodow\u0105 przysz\u0142o\u015bci!<\/strong><\/div><\/div><\/div><\/div><\/div>","protected":false},"excerpt":{"rendered":"<p>DLACZEGO MY Firma FIBER6G Sp. z o.o. to zesp\u00f3\u0142 ekspert\u00f3w, kt\u00f3rzy od lat z pasj\u0105 i zaanga\u017cowaniem tworz\u0105 nowoczesne sieci \u015bwiat\u0142owodowe. Wyr\u00f3\u017cnia nas innowacyjno\u015b\u0107, precyzja i kompleksowe podej\u015bcie do ka\u017cdego projektu. Nieustannie \u015bledzimy rozw\u00f3j technologii \u015bwiat\u0142owodowych, dzi\u0119ki czemu oferujemy rozwi\u0105zania spe\u0142niaj\u0105ce najwy\u017csze standardy jako\u015bci i niezawodno\u015bci. Nasz\u0105 si\u0142\u0105 jest do\u015bwiadczona i wykwalifikowana kadra \u2014 projektanci, [&hellip;]<\/p>\n","protected":false},"author":1,"featured_media":0,"parent":0,"menu_order":0,"comment_status":"closed","ping_status":"closed","template":"","meta":{"footnotes":""},"class_list":["post-20","page","type-page","status-publish","hentry","post"],"_links":{"self":[{"href":"https:\/\/www.fiber6g.pl\/index.php?rest_route=\/wp\/v2\/pages\/20","targetHints":{"allow":["GET"]}}],"collection":[{"href":"https:\/\/www.fiber6g.pl\/index.php?rest_route=\/wp\/v2\/pages"}],"about":[{"href":"https:\/\/www.fiber6g.pl\/index.php?rest_route=\/wp\/v2\/types\/page"}],"author":[{"embeddable":true,"href":"https:\/\/www.fiber6g.pl\/index.php?rest_route=\/wp\/v2\/users\/1"}],"replies":[{"embeddable":true,"href":"https:\/\/www.fiber6g.pl\/index.php?rest_route=%2Fwp%2Fv2%2Fcomments&post=20"}],"version-history":[{"count":4,"href":"https:\/\/www.fiber6g.pl\/index.php?rest_route=\/wp\/v2\/pages\/20\/revisions"}],"predecessor-version":[{"id":56,"href":"https:\/\/www.fiber6g.pl\/index.php?rest_route=\/wp\/v2\/pages\/20\/revisions\/56"}],"wp:attachment":[{"href":"https:\/\/www.fiber6g.pl\/index.php?rest_route=%2Fwp%2Fv2%2Fmedia&parent=20"}],"curies":[{"name":"wp","href":"https:\/\/api.w.org\/{rel}","templated":true}]}}