{"id":10,"date":"2025-11-13T06:45:30","date_gmt":"2025-11-13T05:45:30","guid":{"rendered":"https:\/\/www.fiber6g.pl\/?page_id=10"},"modified":"2025-11-17T17:01:24","modified_gmt":"2025-11-17T16:01:24","slug":"start","status":"publish","type":"page","link":"https:\/\/www.fiber6g.pl\/","title":{"rendered":"Start"},"content":{"rendered":"<div id=\"pl-10\"  class=\"panel-layout\" ><div id=\"pg-10-0\"  class=\"panel-grid panel-has-style\" ><div class=\"panel-row-style panel-row-style-for-10-0\" ><div id=\"pgc-10-0-0\"  class=\"panel-grid-cell\" ><div id=\"panel-10-0-0-0\" class=\"widget_text so-panel widget widget_custom_html panel-first-child\" data-index=\"0\" ><div class=\"textwidget custom-html-widget\"><h1 style=\"color:#ffffff; text-align:center; font-weight:600;\">DLACZEGO MY\n<\/h1>\nFirma <strong>FIBER6G Sp. z o.o.<\/strong> to zesp\u00f3\u0142 ekspert\u00f3w, kt\u00f3rzy od lat z pasj\u0105 i zaanga\u017cowaniem tworz\u0105 nowoczesne sieci \u015bwiat\u0142owodowe. Wyr\u00f3\u017cnia nas <strong>innowacyjno\u015b\u0107, precyzja i kompleksowe podej\u015bcie<\/strong> do ka\u017cdego projektu.\nNieustannie \u015bledzimy rozw\u00f3j technologii \u015bwiat\u0142owodowych, dzi\u0119ki czemu oferujemy rozwi\u0105zania spe\u0142niaj\u0105ce najwy\u017csze standardy jako\u015bci i niezawodno\u015bci.\n<br><br><\/div><\/div><div id=\"panel-10-0-0-1\" class=\"so-panel widget widget_sow-button panel-last-child\" data-index=\"1\" ><div\n\t\t\t\n\t\t\tclass=\"so-widget-sow-button so-widget-sow-button-flat-c3dce8e2e2f0-10\"\n\t\t\t\n\t\t><div class=\"ow-button-base ow-button-align-center\"\n>\n\t\t\t<a\n\t\t\t\t\thref=\"https:\/\/www.fiber6g.pl\/?page_id=20\"\n\t\t\t\t\tclass=\"sowb-button ow-icon-placement-left ow-button-hover\" \t>\n\t\t<span>\n\t\t\t\n\t\t\twi\u0119cej O NAS\t\t<\/span>\n\t\t\t<\/a>\n\t<\/div>\n<\/div><\/div><\/div><\/div><\/div><div id=\"pg-10-1\"  class=\"panel-grid panel-has-style\" ><div class=\"siteorigin-panels-stretch panel-row-style panel-row-style-for-10-1\" data-stretch-type=\"full\" ><div id=\"pgc-10-1-0\"  class=\"panel-grid-cell\" ><div id=\"panel-10-1-0-0\" class=\"widget_text so-panel widget widget_custom_html panel-first-child\" data-index=\"2\" ><div class=\"textwidget custom-html-widget\"><h1 style=\"color:#ffffff; text-align:center; font-weight:600;\">OFERTA<\/h1>\n<strong>FIBER6G Sp. z o.o.<\/strong> to firma specjalizuj\u0105ca si\u0119 w kompleksowej realizacji inwestycji \u015bwiat\u0142owodowych typu <strong>FTTH (Fiber To The Home)<\/strong>. Nasz zesp\u00f3\u0142 to do\u015bwiadczeni projektanci, in\u017cynierowie i technicy, kt\u00f3rzy od lat z powodzeniem buduj\u0105 nowoczesne sieci telekomunikacyjne w ca\u0142ej Polsce.\n<br><br>\nOferujemy kompleksowe <strong>us\u0142ugi \u201eend to end\u201d<\/strong>, obejmuj\u0105ce wszystkie etapy realizacji projektu \u2013 od koncepcji i projektowania, przez budow\u0119, uruchomienie, a\u017c po serwis i administracj\u0119 sieci\u0105.<\/div><\/div><div id=\"panel-10-1-0-1\" class=\"so-panel widget widget_sow-button panel-last-child\" data-index=\"3\" ><div\n\t\t\t\n\t\t\tclass=\"so-widget-sow-button so-widget-sow-button-flat-ab3fb79b387d-10\"\n\t\t\t\n\t\t><div class=\"ow-button-base ow-button-align-center\"\n>\n\t\t\t<a\n\t\t\t\t\thref=\"https:\/\/www.fiber6g.pl\/?page_id=22\"\n\t\t\t\t\tclass=\"sowb-button ow-icon-placement-left ow-button-hover\" \t>\n\t\t<span>\n\t\t\t\n\t\t\tNasza OFERTA\t\t<\/span>\n\t\t\t<\/a>\n\t<\/div>\n<\/div><\/div><\/div><\/div><\/div><div id=\"pg-10-2\"  class=\"panel-grid panel-has-style\" ><div class=\"siteorigin-panels-stretch panel-row-style panel-row-style-for-10-2\" data-stretch-type=\"full\" ><div id=\"pgc-10-2-0\"  class=\"panel-grid-cell\" ><div id=\"panel-10-2-0-0\" class=\"widget_text so-panel widget widget_custom_html panel-first-child panel-last-child\" data-index=\"4\" ><div class=\"textwidget custom-html-widget\"><img loading=\"lazy\" decoding=\"async\" src=\"https:\/\/www.fiber6g.pl\/wp-content\/uploads\/2025\/11\/h3c2.png\" alt=\"\" width=\"600\" height=\"211\" class=\"aligncenter size-full wp-image-6334\" \/><\/div><\/div><\/div><div id=\"pgc-10-2-1\"  class=\"panel-grid-cell\" ><div id=\"panel-10-2-1-0\" class=\"widget_text so-panel widget widget_custom_html panel-first-child panel-last-child\" data-index=\"5\" ><div class=\"textwidget custom-html-widget\"><img loading=\"lazy\" decoding=\"async\" src=\"https:\/\/www.fiber6g.pl\/wp-content\/uploads\/2025\/11\/huawei.png\" alt=\"\" width=\"699\" height=\"246\" class=\"aligncenter size-full wp-image-6334\" \/><\/div><\/div><\/div><div id=\"pgc-10-2-2\"  class=\"panel-grid-cell\" ><div id=\"panel-10-2-2-0\" class=\"widget_text so-panel widget widget_custom_html panel-first-child panel-last-child\" data-index=\"6\" ><div class=\"textwidget custom-html-widget\"><img loading=\"lazy\" decoding=\"async\" src=\"https:\/\/www.fiber6g.pl\/wp-content\/uploads\/2025\/11\/suntar.jpg\" alt=\"\" width=\"600\" height=\"211\" class=\"aligncenter size-full wp-image-6334\" \/><\/div><\/div><\/div><\/div><\/div><\/div>","protected":false},"excerpt":{"rendered":"<p>DLACZEGO MY Firma FIBER6G Sp. z o.o. to zesp\u00f3\u0142 ekspert\u00f3w, kt\u00f3rzy od lat z pasj\u0105 i zaanga\u017cowaniem tworz\u0105 nowoczesne sieci \u015bwiat\u0142owodowe. Wyr\u00f3\u017cnia nas innowacyjno\u015b\u0107, precyzja i kompleksowe podej\u015bcie do ka\u017cdego projektu. Nieustannie \u015bledzimy rozw\u00f3j technologii \u015bwiat\u0142owodowych, dzi\u0119ki czemu oferujemy rozwi\u0105zania spe\u0142niaj\u0105ce najwy\u017csze standardy jako\u015bci i niezawodno\u015bci. wi\u0119cej O NAS OFERTA FIBER6G Sp. z o.o. to [&hellip;]<\/p>\n","protected":false},"author":1,"featured_media":0,"parent":0,"menu_order":0,"comment_status":"closed","ping_status":"closed","template":"","meta":{"footnotes":""},"class_list":["post-10","page","type-page","status-publish","hentry","post"],"_links":{"self":[{"href":"https:\/\/www.fiber6g.pl\/index.php?rest_route=\/wp\/v2\/pages\/10","targetHints":{"allow":["GET"]}}],"collection":[{"href":"https:\/\/www.fiber6g.pl\/index.php?rest_route=\/wp\/v2\/pages"}],"about":[{"href":"https:\/\/www.fiber6g.pl\/index.php?rest_route=\/wp\/v2\/types\/page"}],"author":[{"embeddable":true,"href":"https:\/\/www.fiber6g.pl\/index.php?rest_route=\/wp\/v2\/users\/1"}],"replies":[{"embeddable":true,"href":"https:\/\/www.fiber6g.pl\/index.php?rest_route=%2Fwp%2Fv2%2Fcomments&post=10"}],"version-history":[{"count":17,"href":"https:\/\/www.fiber6g.pl\/index.php?rest_route=\/wp\/v2\/pages\/10\/revisions"}],"predecessor-version":[{"id":103,"href":"https:\/\/www.fiber6g.pl\/index.php?rest_route=\/wp\/v2\/pages\/10\/revisions\/103"}],"wp:attachment":[{"href":"https:\/\/www.fiber6g.pl\/index.php?rest_route=%2Fwp%2Fv2%2Fmedia&parent=10"}],"curies":[{"name":"wp","href":"https:\/\/api.w.org\/{rel}","templated":true}]}}